{"id":2,"date":"2015-09-16T04:24:25","date_gmt":"2015-09-16T04:24:25","guid":{"rendered":"http:\/\/wp431m.a10-52-158-154.qa.plesk.ru\/wordpress\/?page_id=2"},"modified":"2026-04-26T13:34:39","modified_gmt":"2026-04-26T13:34:39","slug":"sample-page","status":"publish","type":"page","link":"https:\/\/guacamoleaqui.de\/","title":{"rendered":"Guacamole Aqu\u00ed"},"content":{"rendered":"\n<p><strong>Guacamole Aqu\u00ed <\/strong><\/p>\n\n\n\n<p>Seit 2000 spielt <strong>Guacamole Aqu\u00ed<\/strong> eine einzigartige Mischung aus Cumbia, Salsa, Mambo und Ska \u2013 immer mit einer eigenen Note. Die Band kombiniert die traditionellen Rhythmen der lateinamerikanischen Musik mit einer Prise Funkmusic und einem nordischen Flair, was ihren Sound frisch und tanzbar macht.<\/p>\n\n\n\n<p>Mit einem kraftvollen Bl\u00e4sersatz und pulsierenden Percussion-Beats schafft die Band eine musikalische Atmosph\u00e4re, die sowohl vertraut als auch \u00fcberraschend ist. Ihre Interpretationen klassischer Latin-Kl\u00e4nge, erg\u00e4nzt durch eigene funky Kompositionen, bringen sowohl die Energie Kubas und Mexikos als auch einen modernen Groove auf die B\u00fchne.<\/p>\n\n\n\n<p>Ob bei traditionellen Latin-Songs oder eigenen St\u00fccken \u2013 <strong>Guacamole Aqu\u00ed<\/strong> sorgt immer f\u00fcr eine mitrei\u00dfende Stimmung, die das Publikum zum Tanzen einl\u00e4dt. Ihre Musik ist ein Mix aus bekannten Rhythmen und neuen Ideen, die perfekt zusammenpassen und f\u00fcr gute Laune sorgen.<\/p>\n","protected":false},"excerpt":{"rendered":"<p>Guacamole Aqu\u00ed Seit 2000 spielt Guacamole Aqu\u00ed eine einzigartige Mischung aus Cumbia, Salsa, Mambo und Ska \u2013 immer mit einer eigenen Note. Die Band kombiniert die traditionellen Rhythmen der lateinamerikanischen Musik mit einer Prise Funkmusic und einem nordischen Flair, was &hellip; <a href=\"https:\/\/guacamoleaqui.de\/\">Weiterlesen <span class=\"meta-nav\">&rarr;<\/span><\/a><\/p>\n","protected":false},"author":1,"featured_media":181,"parent":0,"menu_order":0,"comment_status":"closed","ping_status":"closed","template":"","meta":{"footnotes":""},"class_list":["post-2","page","type-page","status-publish","has-post-thumbnail","hentry"],"_links":{"self":[{"href":"https:\/\/guacamoleaqui.de\/index.php?rest_route=\/wp\/v2\/pages\/2","targetHints":{"allow":["GET"]}}],"collection":[{"href":"https:\/\/guacamoleaqui.de\/index.php?rest_route=\/wp\/v2\/pages"}],"about":[{"href":"https:\/\/guacamoleaqui.de\/index.php?rest_route=\/wp\/v2\/types\/page"}],"author":[{"embeddable":true,"href":"https:\/\/guacamoleaqui.de\/index.php?rest_route=\/wp\/v2\/users\/1"}],"replies":[{"embeddable":true,"href":"https:\/\/guacamoleaqui.de\/index.php?rest_route=%2Fwp%2Fv2%2Fcomments&post=2"}],"version-history":[{"count":5,"href":"https:\/\/guacamoleaqui.de\/index.php?rest_route=\/wp\/v2\/pages\/2\/revisions"}],"predecessor-version":[{"id":169,"href":"https:\/\/guacamoleaqui.de\/index.php?rest_route=\/wp\/v2\/pages\/2\/revisions\/169"}],"wp:featuredmedia":[{"embeddable":true,"href":"https:\/\/guacamoleaqui.de\/index.php?rest_route=\/wp\/v2\/media\/181"}],"wp:attachment":[{"href":"https:\/\/guacamoleaqui.de\/index.php?rest_route=%2Fwp%2Fv2%2Fmedia&parent=2"}],"curies":[{"name":"wp","href":"https:\/\/api.w.org\/{rel}","templated":true}]}}