{"id":76,"date":"2015-12-07T22:56:20","date_gmt":"2015-12-07T22:56:20","guid":{"rendered":"http:\/\/guacamoleaqui.de\/?page_id=76"},"modified":"2026-04-27T09:02:50","modified_gmt":"2026-04-27T09:02:50","slug":"kontakt","status":"publish","type":"page","link":"https:\/\/guacamoleaqui.de\/?page_id=76","title":{"rendered":"Kontakt"},"content":{"rendered":"<p>Guacamole Aqui<a href=\"http:\/\/guacamoleaqui.de\/wp-content\/uploads\/2026\/04\/Logo-fuer-Website.jpg\"><img loading=\"lazy\" decoding=\"async\" class=\"wp-image-194 alignright\" src=\"http:\/\/guacamoleaqui.de\/wp-content\/uploads\/2026\/04\/Logo-fuer-Website-300x300.jpg\" alt=\"\" width=\"131\" height=\"131\" srcset=\"https:\/\/guacamoleaqui.de\/wp-content\/uploads\/2026\/04\/Logo-fuer-Website-300x300.jpg 300w, https:\/\/guacamoleaqui.de\/wp-content\/uploads\/2026\/04\/Logo-fuer-Website-150x150.jpg 150w, https:\/\/guacamoleaqui.de\/wp-content\/uploads\/2026\/04\/Logo-fuer-Website.jpg 600w\" sizes=\"auto, (max-width: 131px) 100vw, 131px\" \/><\/a><br \/>c\/o Matthias Brinker<br \/>Ungerstrasse 29<br \/>30451 Hannover<\/p>\n<p>fon \u00a0\u00a0\u00a0 \u00a0\u00a0\u00a0 0511 213 53 92<br \/>mobil \u00a0\u00a0\u00a0 0172 5227769<\/p>\n<p><a href=\"http:\/\/www.facebook.com\/guacamoleaqui\">Facebook &#8211; Guacamole Aqu\u00ed<\/a><\/p>\n<p><a href=\"https:\/\/open.spotify.com\/intl-de\/artist\/3rvbsJsGzn7t3l7JTWjf6H?si=SLac-0FkTRS9pOiSViJDfQ\">Spotify &#8211; Guacamole Aqu\u00ed<\/a><\/p>\n<p><a href=\"http:\/\/www.instagram.com\/guacamoleaqui\">Instagram &#8211; Guacamole Aqu\u00ed<\/a><\/p>\n\n\n<p><\/p>\n","protected":false},"excerpt":{"rendered":"<p>Guacamole Aquic\/o Matthias BrinkerUngerstrasse 2930451 Hannover fon \u00a0\u00a0\u00a0 \u00a0\u00a0\u00a0 0511 213 53 92mobil \u00a0\u00a0\u00a0 0172 5227769 Facebook &#8211; Guacamole Aqu\u00ed Spotify &#8211; Guacamole Aqu\u00ed Instagram &#8211; Guacamole Aqu\u00ed<\/p>\n","protected":false},"author":1,"featured_media":181,"parent":0,"menu_order":0,"comment_status":"closed","ping_status":"closed","template":"","meta":{"footnotes":""},"class_list":["post-76","page","type-page","status-publish","has-post-thumbnail","hentry"],"_links":{"self":[{"href":"https:\/\/guacamoleaqui.de\/index.php?rest_route=\/wp\/v2\/pages\/76","targetHints":{"allow":["GET"]}}],"collection":[{"href":"https:\/\/guacamoleaqui.de\/index.php?rest_route=\/wp\/v2\/pages"}],"about":[{"href":"https:\/\/guacamoleaqui.de\/index.php?rest_route=\/wp\/v2\/types\/page"}],"author":[{"embeddable":true,"href":"https:\/\/guacamoleaqui.de\/index.php?rest_route=\/wp\/v2\/users\/1"}],"replies":[{"embeddable":true,"href":"https:\/\/guacamoleaqui.de\/index.php?rest_route=%2Fwp%2Fv2%2Fcomments&post=76"}],"version-history":[{"count":7,"href":"https:\/\/guacamoleaqui.de\/index.php?rest_route=\/wp\/v2\/pages\/76\/revisions"}],"predecessor-version":[{"id":202,"href":"https:\/\/guacamoleaqui.de\/index.php?rest_route=\/wp\/v2\/pages\/76\/revisions\/202"}],"wp:featuredmedia":[{"embeddable":true,"href":"https:\/\/guacamoleaqui.de\/index.php?rest_route=\/wp\/v2\/media\/181"}],"wp:attachment":[{"href":"https:\/\/guacamoleaqui.de\/index.php?rest_route=%2Fwp%2Fv2%2Fmedia&parent=76"}],"curies":[{"name":"wp","href":"https:\/\/api.w.org\/{rel}","templated":true}]}}